{"id":13925,"date":"2019-11-07T14:10:14","date_gmt":"2019-11-07T13:10:14","guid":{"rendered":"https:\/\/www.zomaarvintage.nl\/?post_type=product&#038;p=13925"},"modified":"2022-08-29T09:05:45","modified_gmt":"2022-08-29T08:05:45","slug":"bruin-bakje-met-knopdeksel-cp-colditz","status":"publish","type":"product","link":"https:\/\/www.zomaarvintage.nl\/index.php\/product\/bruin-bakje-met-knopdeksel-cp-colditz\/","title":{"rendered":"Suikerbakje met knopdeksel  &#8211;  CP Colditz"},"content":{"rendered":"<p>mooi geglazuurd retro\u00a0 suikerpotje<\/p>\n<p>merk: CP Colditz \u00a0\u00a0( Colditz Pottery)<\/p>\n<p>made in GDR<\/p>\n<p>hoogte: 6 cm ( zonder knop)<\/p>\n<p>\u00d8: 9,5 cm<\/p>\n<p>heeft \u00e9\u00e9n foutje aan de zijkant ( foto 3)<\/p>\n<p>art. nr. V83<\/p>\n<a class=\"synved-social-button synved-social-button-share synved-social-size-24 synved-social-resolution-single synved-social-provider-facebook nolightbox\" data-provider=\"facebook\" target=\"_blank\" rel=\"nofollow\" title=\"Share on Facebook\" href=\"http:\/\/www.facebook.com\/sharer.php?u=https%3A%2F%2Fwww.zomaarvintage.nl%2Findex.php%2Fwp-json%2Fwp%2Fv2%2Fproduct%2F13925&#038;t=Suikerbakje%20met%20knopdeksel%20%20%E2%80%93%20%20CP%20Colditz&#038;s=100&#038;p&#091;url&#093;=https%3A%2F%2Fwww.zomaarvintage.nl%2Findex.php%2Fwp-json%2Fwp%2Fv2%2Fproduct%2F13925&#038;p&#091;images&#093;&#091;0&#093;=https%3A%2F%2Fwww.zomaarvintage.nl%2Fwp-content%2Fuploads%2F2019%2F11%2FIMG_2147.jpg&#038;p&#091;title&#093;=Suikerbakje%20met%20knopdeksel%20%20%E2%80%93%20%20CP%20Colditz\" style=\"font-size: 0px;width:24px;height:24px;margin:0;margin-bottom:5px;margin-right:5px\"><img loading=\"lazy\" decoding=\"async\" alt=\"Facebook\" title=\"Share on Facebook\" class=\"synved-share-image synved-social-image synved-social-image-share\" width=\"24\" height=\"24\" style=\"display: inline;width:24px;height:24px;margin: 0;padding: 0;border: none;box-shadow: none\" src=\"https:\/\/www.zomaarvintage.nl\/wp-content\/plugins\/social-media-feather\/synved-social\/image\/social\/regular\/48x48\/facebook.png\" \/><\/a><a class=\"synved-social-button synved-social-button-share synved-social-size-24 synved-social-resolution-single synved-social-provider-twitter nolightbox\" data-provider=\"twitter\" target=\"_blank\" rel=\"nofollow\" title=\"Share on Twitter\" href=\"http:\/\/twitter.com\/share?url=https%3A%2F%2Fwww.zomaarvintage.nl%2Findex.php%2Fwp-json%2Fwp%2Fv2%2Fproduct%2F13925&#038;text=Hey%20check%20this%20out\" style=\"font-size: 0px;width:24px;height:24px;margin:0;margin-bottom:5px;margin-right:5px\"><img loading=\"lazy\" decoding=\"async\" alt=\"twitter\" title=\"Share on Twitter\" class=\"synved-share-image synved-social-image synved-social-image-share\" width=\"24\" height=\"24\" style=\"display: inline;width:24px;height:24px;margin: 0;padding: 0;border: none;box-shadow: none\" src=\"https:\/\/www.zomaarvintage.nl\/wp-content\/plugins\/social-media-feather\/synved-social\/image\/social\/regular\/48x48\/twitter.png\" \/><\/a><a class=\"synved-social-button synved-social-button-share synved-social-size-24 synved-social-resolution-single synved-social-provider-reddit nolightbox\" data-provider=\"reddit\" target=\"_blank\" rel=\"nofollow\" title=\"Share on Reddit\" href=\"https:\/\/www.reddit.com\/submit?url=https%3A%2F%2Fwww.zomaarvintage.nl%2Findex.php%2Fwp-json%2Fwp%2Fv2%2Fproduct%2F13925&#038;title=Suikerbakje%20met%20knopdeksel%20%20%E2%80%93%20%20CP%20Colditz\" style=\"font-size: 0px;width:24px;height:24px;margin:0;margin-bottom:5px;margin-right:5px\"><img loading=\"lazy\" decoding=\"async\" alt=\"reddit\" title=\"Share on Reddit\" class=\"synved-share-image synved-social-image synved-social-image-share\" width=\"24\" height=\"24\" style=\"display: inline;width:24px;height:24px;margin: 0;padding: 0;border: none;box-shadow: none\" src=\"https:\/\/www.zomaarvintage.nl\/wp-content\/plugins\/social-media-feather\/synved-social\/image\/social\/regular\/48x48\/reddit.png\" \/><\/a><a class=\"synved-social-button synved-social-button-share synved-social-size-24 synved-social-resolution-single synved-social-provider-pinterest nolightbox\" data-provider=\"pinterest\" target=\"_blank\" rel=\"nofollow\" title=\"Pin it with Pinterest\" href=\"http:\/\/pinterest.com\/pin\/create\/button\/?url=https%3A%2F%2Fwww.zomaarvintage.nl%2Findex.php%2Fwp-json%2Fwp%2Fv2%2Fproduct%2F13925&#038;media=https%3A%2F%2Fwww.zomaarvintage.nl%2Fwp-content%2Fuploads%2F2019%2F11%2FIMG_2147.jpg&#038;description=Suikerbakje%20met%20knopdeksel%20%20%E2%80%93%20%20CP%20Colditz\" style=\"font-size: 0px;width:24px;height:24px;margin:0;margin-bottom:5px;margin-right:5px\"><img loading=\"lazy\" decoding=\"async\" alt=\"pinterest\" title=\"Pin it with Pinterest\" class=\"synved-share-image synved-social-image synved-social-image-share\" width=\"24\" height=\"24\" style=\"display: inline;width:24px;height:24px;margin: 0;padding: 0;border: none;box-shadow: none\" src=\"https:\/\/www.zomaarvintage.nl\/wp-content\/plugins\/social-media-feather\/synved-social\/image\/social\/regular\/48x48\/pinterest.png\" \/><\/a><a class=\"synved-social-button synved-social-button-share synved-social-size-24 synved-social-resolution-single synved-social-provider-linkedin nolightbox\" data-provider=\"linkedin\" target=\"_blank\" rel=\"nofollow\" title=\"Share on Linkedin\" href=\"https:\/\/www.linkedin.com\/shareArticle?mini=true&#038;url=https%3A%2F%2Fwww.zomaarvintage.nl%2Findex.php%2Fwp-json%2Fwp%2Fv2%2Fproduct%2F13925&#038;title=Suikerbakje%20met%20knopdeksel%20%20%E2%80%93%20%20CP%20Colditz\" style=\"font-size: 0px;width:24px;height:24px;margin:0;margin-bottom:5px;margin-right:5px\"><img loading=\"lazy\" decoding=\"async\" alt=\"linkedin\" title=\"Share on Linkedin\" class=\"synved-share-image synved-social-image synved-social-image-share\" width=\"24\" height=\"24\" style=\"display: inline;width:24px;height:24px;margin: 0;padding: 0;border: none;box-shadow: none\" src=\"https:\/\/www.zomaarvintage.nl\/wp-content\/plugins\/social-media-feather\/synved-social\/image\/social\/regular\/48x48\/linkedin.png\" \/><\/a><a class=\"synved-social-button synved-social-button-share synved-social-size-24 synved-social-resolution-single synved-social-provider-mail nolightbox\" data-provider=\"mail\" rel=\"nofollow\" title=\"Share by email\" href=\"mailto:?subject=Suikerbakje%20met%20knopdeksel%20%20%E2%80%93%20%20CP%20Colditz&#038;body=Hey%20check%20this%20out:%20https%3A%2F%2Fwww.zomaarvintage.nl%2Findex.php%2Fwp-json%2Fwp%2Fv2%2Fproduct%2F13925\" style=\"font-size: 0px;width:24px;height:24px;margin:0;margin-bottom:5px\"><img loading=\"lazy\" decoding=\"async\" alt=\"mail\" title=\"Share by email\" class=\"synved-share-image synved-social-image synved-social-image-share\" width=\"24\" height=\"24\" style=\"display: inline;width:24px;height:24px;margin: 0;padding: 0;border: none;box-shadow: none\" src=\"https:\/\/www.zomaarvintage.nl\/wp-content\/plugins\/social-media-feather\/synved-social\/image\/social\/regular\/48x48\/mail.png\" \/><\/a>","protected":false},"excerpt":{"rendered":"<p>mooi geglazuurd retro\u00a0 suikerpotje merk: CP Colditz \u00a0\u00a0( Colditz Pottery) made in GDR hoogte: 6 cm ( zonder knop) \u00d8: 9,5 cm heeft \u00e9\u00e9n foutje aan de zijkant ( foto 3) art. nr. V83<\/p>\n","protected":false},"featured_media":13926,"template":"","meta":[],"product_brand":[],"product_cat":[9,31],"product_tag":[743,1279,1278,1277,494],"class_list":{"0":"post-13925","1":"product","2":"type-product","3":"status-publish","4":"has-post-thumbnail","6":"product_cat-serviesgoed-brocante-serviesgoed-brocante-aardewerk-kop-en-schotel-theepot-mosa","7":"product_cat-vintage-serviesgoed-schalen-theepot-arzberg-koffiepot-schaal-kop-en-schotels","8":"product_tag-aardewerk","9":"product_tag-bruin-geglazuurd","10":"product_tag-colditz-pottery","11":"product_tag-cp-colditz","12":"product_tag-retro","14":"first","15":"instock","16":"shipping-taxable","17":"purchasable","18":"product-type-simple"},"_links":{"self":[{"href":"https:\/\/www.zomaarvintage.nl\/index.php\/wp-json\/wp\/v2\/product\/13925","targetHints":{"allow":["GET"]}}],"collection":[{"href":"https:\/\/www.zomaarvintage.nl\/index.php\/wp-json\/wp\/v2\/product"}],"about":[{"href":"https:\/\/www.zomaarvintage.nl\/index.php\/wp-json\/wp\/v2\/types\/product"}],"wp:featuredmedia":[{"embeddable":true,"href":"https:\/\/www.zomaarvintage.nl\/index.php\/wp-json\/wp\/v2\/media\/13926"}],"wp:attachment":[{"href":"https:\/\/www.zomaarvintage.nl\/index.php\/wp-json\/wp\/v2\/media?parent=13925"}],"wp:term":[{"taxonomy":"product_brand","embeddable":true,"href":"https:\/\/www.zomaarvintage.nl\/index.php\/wp-json\/wp\/v2\/product_brand?post=13925"},{"taxonomy":"product_cat","embeddable":true,"href":"https:\/\/www.zomaarvintage.nl\/index.php\/wp-json\/wp\/v2\/product_cat?post=13925"},{"taxonomy":"product_tag","embeddable":true,"href":"https:\/\/www.zomaarvintage.nl\/index.php\/wp-json\/wp\/v2\/product_tag?post=13925"}],"curies":[{"name":"wp","href":"https:\/\/api.w.org\/{rel}","templated":true}]}}