{"id":28928,"date":"2022-07-07T09:38:50","date_gmt":"2022-07-07T08:38:50","guid":{"rendered":"https:\/\/www.zomaarvintage.nl\/?post_type=product&#038;p=28928"},"modified":"2025-03-17T11:15:29","modified_gmt":"2025-03-17T10:15:29","slug":"eenjarigen-voor-eens-en-voor-altijd-leiev-adriaensens","status":"publish","type":"product","link":"https:\/\/www.zomaarvintage.nl\/index.php\/product\/eenjarigen-voor-eens-en-voor-altijd-leiev-adriaensens\/","title":{"rendered":"Eenjarigen voor eens en voor altijd  &#8211;  Lieve Adriaensens"},"content":{"rendered":"<p>boek over \u00e9\u00e9njarigen planten door Lieve Adriaensens<\/p>\n<p>met prachtige foto&#8217;s van Fran\u00e7ois de Heel<\/p>\n<p>uitg. Kosmos- Z&amp; K Uitgevers<\/p>\n<p>2005<\/p>\n<p>ISBN 90 215 4309 5<\/p>\n<p>softcover<\/p>\n<p>21 x 20 cm<\/p>\n<p>143 bladzijden<\/p>\n<p>op enkele bladzijden staan wat notaties met kleurpotlood ( zie foto 4)<\/p>\n<p>verder als nieuw<\/p>\n<p>prachtig boek voor de liefhebber<\/p>\n<p>art. nr. A980<\/p>\n<p>&nbsp;<\/p>\n<a class=\"synved-social-button synved-social-button-share synved-social-size-24 synved-social-resolution-single synved-social-provider-facebook nolightbox\" data-provider=\"facebook\" target=\"_blank\" rel=\"nofollow\" title=\"Share on Facebook\" href=\"http:\/\/www.facebook.com\/sharer.php?u=https%3A%2F%2Fwww.zomaarvintage.nl%2Findex.php%2Fwp-json%2Fwp%2Fv2%2Fproduct%2F28928&#038;t=Eenjarigen%20voor%20eens%20en%20voor%20altijd%20%20%E2%80%93%20%20Lieve%20Adriaensens&#038;s=100&#038;p&#091;url&#093;=https%3A%2F%2Fwww.zomaarvintage.nl%2Findex.php%2Fwp-json%2Fwp%2Fv2%2Fproduct%2F28928&#038;p&#091;images&#093;&#091;0&#093;=https%3A%2F%2Fwww.zomaarvintage.nl%2Fwp-content%2Fuploads%2F2022%2F07%2FEenjarigen-voor-eens-en-voor-altijd-1.jpg&#038;p&#091;title&#093;=Eenjarigen%20voor%20eens%20en%20voor%20altijd%20%20%E2%80%93%20%20Lieve%20Adriaensens\" style=\"font-size: 0px;width:24px;height:24px;margin:0;margin-bottom:5px;margin-right:5px\"><img loading=\"lazy\" decoding=\"async\" alt=\"Facebook\" title=\"Share on Facebook\" class=\"synved-share-image synved-social-image synved-social-image-share\" width=\"24\" height=\"24\" style=\"display: inline;width:24px;height:24px;margin: 0;padding: 0;border: none;box-shadow: none\" src=\"https:\/\/www.zomaarvintage.nl\/wp-content\/plugins\/social-media-feather\/synved-social\/image\/social\/regular\/48x48\/facebook.png\" \/><\/a><a class=\"synved-social-button synved-social-button-share synved-social-size-24 synved-social-resolution-single synved-social-provider-twitter nolightbox\" data-provider=\"twitter\" target=\"_blank\" rel=\"nofollow\" title=\"Share on Twitter\" href=\"http:\/\/twitter.com\/share?url=https%3A%2F%2Fwww.zomaarvintage.nl%2Findex.php%2Fwp-json%2Fwp%2Fv2%2Fproduct%2F28928&#038;text=Hey%20check%20this%20out\" style=\"font-size: 0px;width:24px;height:24px;margin:0;margin-bottom:5px;margin-right:5px\"><img loading=\"lazy\" decoding=\"async\" alt=\"twitter\" title=\"Share on Twitter\" class=\"synved-share-image synved-social-image synved-social-image-share\" width=\"24\" height=\"24\" style=\"display: inline;width:24px;height:24px;margin: 0;padding: 0;border: none;box-shadow: none\" src=\"https:\/\/www.zomaarvintage.nl\/wp-content\/plugins\/social-media-feather\/synved-social\/image\/social\/regular\/48x48\/twitter.png\" \/><\/a><a class=\"synved-social-button synved-social-button-share synved-social-size-24 synved-social-resolution-single synved-social-provider-reddit nolightbox\" data-provider=\"reddit\" target=\"_blank\" rel=\"nofollow\" title=\"Share on Reddit\" href=\"https:\/\/www.reddit.com\/submit?url=https%3A%2F%2Fwww.zomaarvintage.nl%2Findex.php%2Fwp-json%2Fwp%2Fv2%2Fproduct%2F28928&#038;title=Eenjarigen%20voor%20eens%20en%20voor%20altijd%20%20%E2%80%93%20%20Lieve%20Adriaensens\" style=\"font-size: 0px;width:24px;height:24px;margin:0;margin-bottom:5px;margin-right:5px\"><img loading=\"lazy\" decoding=\"async\" alt=\"reddit\" title=\"Share on Reddit\" class=\"synved-share-image synved-social-image synved-social-image-share\" width=\"24\" height=\"24\" style=\"display: inline;width:24px;height:24px;margin: 0;padding: 0;border: none;box-shadow: none\" src=\"https:\/\/www.zomaarvintage.nl\/wp-content\/plugins\/social-media-feather\/synved-social\/image\/social\/regular\/48x48\/reddit.png\" \/><\/a><a class=\"synved-social-button synved-social-button-share synved-social-size-24 synved-social-resolution-single synved-social-provider-pinterest nolightbox\" data-provider=\"pinterest\" target=\"_blank\" rel=\"nofollow\" title=\"Pin it with Pinterest\" href=\"http:\/\/pinterest.com\/pin\/create\/button\/?url=https%3A%2F%2Fwww.zomaarvintage.nl%2Findex.php%2Fwp-json%2Fwp%2Fv2%2Fproduct%2F28928&#038;media=https%3A%2F%2Fwww.zomaarvintage.nl%2Fwp-content%2Fuploads%2F2022%2F07%2FEenjarigen-voor-eens-en-voor-altijd-1.jpg&#038;description=Eenjarigen%20voor%20eens%20en%20voor%20altijd%20%20%E2%80%93%20%20Lieve%20Adriaensens\" style=\"font-size: 0px;width:24px;height:24px;margin:0;margin-bottom:5px;margin-right:5px\"><img loading=\"lazy\" decoding=\"async\" alt=\"pinterest\" title=\"Pin it with Pinterest\" class=\"synved-share-image synved-social-image synved-social-image-share\" width=\"24\" height=\"24\" style=\"display: inline;width:24px;height:24px;margin: 0;padding: 0;border: none;box-shadow: none\" src=\"https:\/\/www.zomaarvintage.nl\/wp-content\/plugins\/social-media-feather\/synved-social\/image\/social\/regular\/48x48\/pinterest.png\" \/><\/a><a class=\"synved-social-button synved-social-button-share synved-social-size-24 synved-social-resolution-single synved-social-provider-linkedin nolightbox\" data-provider=\"linkedin\" target=\"_blank\" rel=\"nofollow\" title=\"Share on Linkedin\" href=\"https:\/\/www.linkedin.com\/shareArticle?mini=true&#038;url=https%3A%2F%2Fwww.zomaarvintage.nl%2Findex.php%2Fwp-json%2Fwp%2Fv2%2Fproduct%2F28928&#038;title=Eenjarigen%20voor%20eens%20en%20voor%20altijd%20%20%E2%80%93%20%20Lieve%20Adriaensens\" style=\"font-size: 0px;width:24px;height:24px;margin:0;margin-bottom:5px;margin-right:5px\"><img loading=\"lazy\" decoding=\"async\" alt=\"linkedin\" title=\"Share on Linkedin\" class=\"synved-share-image synved-social-image synved-social-image-share\" width=\"24\" height=\"24\" style=\"display: inline;width:24px;height:24px;margin: 0;padding: 0;border: none;box-shadow: none\" src=\"https:\/\/www.zomaarvintage.nl\/wp-content\/plugins\/social-media-feather\/synved-social\/image\/social\/regular\/48x48\/linkedin.png\" \/><\/a><a class=\"synved-social-button synved-social-button-share synved-social-size-24 synved-social-resolution-single synved-social-provider-mail nolightbox\" data-provider=\"mail\" rel=\"nofollow\" title=\"Share by email\" href=\"mailto:?subject=Eenjarigen%20voor%20eens%20en%20voor%20altijd%20%20%E2%80%93%20%20Lieve%20Adriaensens&#038;body=Hey%20check%20this%20out:%20https%3A%2F%2Fwww.zomaarvintage.nl%2Findex.php%2Fwp-json%2Fwp%2Fv2%2Fproduct%2F28928\" style=\"font-size: 0px;width:24px;height:24px;margin:0;margin-bottom:5px\"><img loading=\"lazy\" decoding=\"async\" alt=\"mail\" title=\"Share by email\" class=\"synved-share-image synved-social-image synved-social-image-share\" width=\"24\" height=\"24\" style=\"display: inline;width:24px;height:24px;margin: 0;padding: 0;border: none;box-shadow: none\" src=\"https:\/\/www.zomaarvintage.nl\/wp-content\/plugins\/social-media-feather\/synved-social\/image\/social\/regular\/48x48\/mail.png\" \/><\/a>","protected":false},"excerpt":{"rendered":"<p>boek over \u00e9\u00e9njarigen planten door Lieve Adriaensens met prachtige foto&#8217;s van Fran\u00e7ois de Heel uitg. Kosmos- Z&amp; K Uitgevers 2005 ISBN 90 215 4309 5 softcover 21 x 20 cm 143 bladzijden op enkele bladzijden staan wat notaties met kleurpotlood ( zie foto 4) verder als nieuw prachtig boek voor de liefhebber art. nr. A980 [&hellip;]<\/p>\n","protected":false},"featured_media":28929,"template":"","meta":[],"product_brand":[],"product_cat":[3449,1157],"product_tag":[3447,3445,3446,3448],"class_list":{"0":"post-28928","1":"product","2":"type-product","3":"status-publish","4":"has-post-thumbnail","6":"product_cat-bloemen-planten-tuin","7":"product_cat-boeken","8":"product_tag-eenjarige-planten","9":"product_tag-eenjarigen-voor-eens-en-voor-altijd","10":"product_tag-lieve-adriaensens","11":"product_tag-tuinplanten","13":"first","14":"instock","15":"shipping-taxable","16":"purchasable","17":"product-type-simple"},"_links":{"self":[{"href":"https:\/\/www.zomaarvintage.nl\/index.php\/wp-json\/wp\/v2\/product\/28928","targetHints":{"allow":["GET"]}}],"collection":[{"href":"https:\/\/www.zomaarvintage.nl\/index.php\/wp-json\/wp\/v2\/product"}],"about":[{"href":"https:\/\/www.zomaarvintage.nl\/index.php\/wp-json\/wp\/v2\/types\/product"}],"wp:featuredmedia":[{"embeddable":true,"href":"https:\/\/www.zomaarvintage.nl\/index.php\/wp-json\/wp\/v2\/media\/28929"}],"wp:attachment":[{"href":"https:\/\/www.zomaarvintage.nl\/index.php\/wp-json\/wp\/v2\/media?parent=28928"}],"wp:term":[{"taxonomy":"product_brand","embeddable":true,"href":"https:\/\/www.zomaarvintage.nl\/index.php\/wp-json\/wp\/v2\/product_brand?post=28928"},{"taxonomy":"product_cat","embeddable":true,"href":"https:\/\/www.zomaarvintage.nl\/index.php\/wp-json\/wp\/v2\/product_cat?post=28928"},{"taxonomy":"product_tag","embeddable":true,"href":"https:\/\/www.zomaarvintage.nl\/index.php\/wp-json\/wp\/v2\/product_tag?post=28928"}],"curies":[{"name":"wp","href":"https:\/\/api.w.org\/{rel}","templated":true}]}}