{"id":31893,"date":"2023-08-30T20:01:03","date_gmt":"2023-08-30T19:01:03","guid":{"rendered":"https:\/\/www.zomaarvintage.nl\/?post_type=product&#038;p=31893"},"modified":"2026-02-03T20:55:26","modified_gmt":"2026-02-03T19:55:26","slug":"zwiebel-en-zwabbel-in-hun-nieuwe-huis-ill-dorette-poesse","status":"publish","type":"product","link":"https:\/\/www.zomaarvintage.nl\/index.php\/product\/zwiebel-en-zwabbel-in-hun-nieuwe-huis-ill-dorette-poesse\/","title":{"rendered":"Zwiebel en Zwabbel in hun nieuwe huis  &#8211;  ill. Dorette Poess\u00e9"},"content":{"rendered":"<p>ge\u00efllustreerd door Dorette Poess\u00e9<\/p>\n<p>verteld door Hilda Thijs Lanenga<\/p>\n<p>uitg. Mulder Holland BV<\/p>\n<p>nr. 191 A<\/p>\n<p>1973 (niet vermeld)<\/p>\n<p>hardcover<\/p>\n<p>17,5 x 19,5 cm<\/p>\n<p>kaft met gebruikssporen (hoekjes), sommige bladeren hebben wat bruine vlekken<\/p>\n<p>inhoud verder goed<\/p>\n<p>art. nr. B1252<\/p>\n<a class=\"synved-social-button synved-social-button-share synved-social-size-24 synved-social-resolution-single synved-social-provider-facebook nolightbox\" data-provider=\"facebook\" target=\"_blank\" rel=\"nofollow\" title=\"Share on Facebook\" href=\"http:\/\/www.facebook.com\/sharer.php?u=https%3A%2F%2Fwww.zomaarvintage.nl%2Findex.php%2Fwp-json%2Fwp%2Fv2%2Fproduct%2F31893&#038;t=Zwiebel%20en%20Zwabbel%20in%20hun%20nieuwe%20huis%20%20%E2%80%93%20%20ill.%20Dorette%20Poess%C3%A9&#038;s=100&#038;p&#091;url&#093;=https%3A%2F%2Fwww.zomaarvintage.nl%2Findex.php%2Fwp-json%2Fwp%2Fv2%2Fproduct%2F31893&#038;p&#091;images&#093;&#091;0&#093;=https%3A%2F%2Fwww.zomaarvintage.nl%2Fwp-content%2Fuploads%2F2023%2F08%2FZwiebel-en-Zwabbel-in-hun-nieuwe-huis-1.jpg&#038;p&#091;title&#093;=Zwiebel%20en%20Zwabbel%20in%20hun%20nieuwe%20huis%20%20%E2%80%93%20%20ill.%20Dorette%20Poess%C3%A9\" style=\"font-size: 0px;width:24px;height:24px;margin:0;margin-bottom:5px;margin-right:5px\"><img loading=\"lazy\" decoding=\"async\" alt=\"Facebook\" title=\"Share on Facebook\" class=\"synved-share-image synved-social-image synved-social-image-share\" width=\"24\" height=\"24\" style=\"display: inline;width:24px;height:24px;margin: 0;padding: 0;border: none;box-shadow: none\" src=\"https:\/\/www.zomaarvintage.nl\/wp-content\/plugins\/social-media-feather\/synved-social\/image\/social\/regular\/48x48\/facebook.png\" \/><\/a><a class=\"synved-social-button synved-social-button-share synved-social-size-24 synved-social-resolution-single synved-social-provider-twitter nolightbox\" data-provider=\"twitter\" target=\"_blank\" rel=\"nofollow\" title=\"Share on Twitter\" href=\"http:\/\/twitter.com\/share?url=https%3A%2F%2Fwww.zomaarvintage.nl%2Findex.php%2Fwp-json%2Fwp%2Fv2%2Fproduct%2F31893&#038;text=Hey%20check%20this%20out\" style=\"font-size: 0px;width:24px;height:24px;margin:0;margin-bottom:5px;margin-right:5px\"><img loading=\"lazy\" decoding=\"async\" alt=\"twitter\" title=\"Share on Twitter\" class=\"synved-share-image synved-social-image synved-social-image-share\" width=\"24\" height=\"24\" style=\"display: inline;width:24px;height:24px;margin: 0;padding: 0;border: none;box-shadow: none\" src=\"https:\/\/www.zomaarvintage.nl\/wp-content\/plugins\/social-media-feather\/synved-social\/image\/social\/regular\/48x48\/twitter.png\" \/><\/a><a class=\"synved-social-button synved-social-button-share synved-social-size-24 synved-social-resolution-single synved-social-provider-reddit nolightbox\" data-provider=\"reddit\" target=\"_blank\" rel=\"nofollow\" title=\"Share on Reddit\" href=\"https:\/\/www.reddit.com\/submit?url=https%3A%2F%2Fwww.zomaarvintage.nl%2Findex.php%2Fwp-json%2Fwp%2Fv2%2Fproduct%2F31893&#038;title=Zwiebel%20en%20Zwabbel%20in%20hun%20nieuwe%20huis%20%20%E2%80%93%20%20ill.%20Dorette%20Poess%C3%A9\" style=\"font-size: 0px;width:24px;height:24px;margin:0;margin-bottom:5px;margin-right:5px\"><img loading=\"lazy\" decoding=\"async\" alt=\"reddit\" title=\"Share on Reddit\" class=\"synved-share-image synved-social-image synved-social-image-share\" width=\"24\" height=\"24\" style=\"display: inline;width:24px;height:24px;margin: 0;padding: 0;border: none;box-shadow: none\" src=\"https:\/\/www.zomaarvintage.nl\/wp-content\/plugins\/social-media-feather\/synved-social\/image\/social\/regular\/48x48\/reddit.png\" \/><\/a><a class=\"synved-social-button synved-social-button-share synved-social-size-24 synved-social-resolution-single synved-social-provider-pinterest nolightbox\" data-provider=\"pinterest\" target=\"_blank\" rel=\"nofollow\" title=\"Pin it with Pinterest\" href=\"http:\/\/pinterest.com\/pin\/create\/button\/?url=https%3A%2F%2Fwww.zomaarvintage.nl%2Findex.php%2Fwp-json%2Fwp%2Fv2%2Fproduct%2F31893&#038;media=https%3A%2F%2Fwww.zomaarvintage.nl%2Fwp-content%2Fuploads%2F2023%2F08%2FZwiebel-en-Zwabbel-in-hun-nieuwe-huis-1.jpg&#038;description=Zwiebel%20en%20Zwabbel%20in%20hun%20nieuwe%20huis%20%20%E2%80%93%20%20ill.%20Dorette%20Poess%C3%A9\" style=\"font-size: 0px;width:24px;height:24px;margin:0;margin-bottom:5px;margin-right:5px\"><img loading=\"lazy\" decoding=\"async\" alt=\"pinterest\" title=\"Pin it with Pinterest\" class=\"synved-share-image synved-social-image synved-social-image-share\" width=\"24\" height=\"24\" style=\"display: inline;width:24px;height:24px;margin: 0;padding: 0;border: none;box-shadow: none\" src=\"https:\/\/www.zomaarvintage.nl\/wp-content\/plugins\/social-media-feather\/synved-social\/image\/social\/regular\/48x48\/pinterest.png\" \/><\/a><a class=\"synved-social-button synved-social-button-share synved-social-size-24 synved-social-resolution-single synved-social-provider-linkedin nolightbox\" data-provider=\"linkedin\" target=\"_blank\" rel=\"nofollow\" title=\"Share on Linkedin\" href=\"https:\/\/www.linkedin.com\/shareArticle?mini=true&#038;url=https%3A%2F%2Fwww.zomaarvintage.nl%2Findex.php%2Fwp-json%2Fwp%2Fv2%2Fproduct%2F31893&#038;title=Zwiebel%20en%20Zwabbel%20in%20hun%20nieuwe%20huis%20%20%E2%80%93%20%20ill.%20Dorette%20Poess%C3%A9\" style=\"font-size: 0px;width:24px;height:24px;margin:0;margin-bottom:5px;margin-right:5px\"><img loading=\"lazy\" decoding=\"async\" alt=\"linkedin\" title=\"Share on Linkedin\" class=\"synved-share-image synved-social-image synved-social-image-share\" width=\"24\" height=\"24\" style=\"display: inline;width:24px;height:24px;margin: 0;padding: 0;border: none;box-shadow: none\" src=\"https:\/\/www.zomaarvintage.nl\/wp-content\/plugins\/social-media-feather\/synved-social\/image\/social\/regular\/48x48\/linkedin.png\" \/><\/a><a class=\"synved-social-button synved-social-button-share synved-social-size-24 synved-social-resolution-single synved-social-provider-mail nolightbox\" data-provider=\"mail\" rel=\"nofollow\" title=\"Share by email\" href=\"mailto:?subject=Zwiebel%20en%20Zwabbel%20in%20hun%20nieuwe%20huis%20%20%E2%80%93%20%20ill.%20Dorette%20Poess%C3%A9&#038;body=Hey%20check%20this%20out:%20https%3A%2F%2Fwww.zomaarvintage.nl%2Findex.php%2Fwp-json%2Fwp%2Fv2%2Fproduct%2F31893\" style=\"font-size: 0px;width:24px;height:24px;margin:0;margin-bottom:5px\"><img loading=\"lazy\" decoding=\"async\" alt=\"mail\" title=\"Share by email\" class=\"synved-share-image synved-social-image synved-social-image-share\" width=\"24\" height=\"24\" style=\"display: inline;width:24px;height:24px;margin: 0;padding: 0;border: none;box-shadow: none\" src=\"https:\/\/www.zomaarvintage.nl\/wp-content\/plugins\/social-media-feather\/synved-social\/image\/social\/regular\/48x48\/mail.png\" \/><\/a>","protected":false},"excerpt":{"rendered":"<p>ge\u00efllustreerd door Dorette Poess\u00e9 verteld door Hilda Thijs Lanenga uitg. Mulder Holland BV nr. 191 A 1973 (niet vermeld) hardcover 17,5 x 19,5 cm kaft met gebruikssporen (hoekjes), sommige bladeren hebben wat bruine vlekken inhoud verder goed art. nr. B1252<\/p>\n","protected":false},"featured_media":31894,"template":"","meta":[],"product_brand":[],"product_cat":[24,5226],"product_tag":[4020,4027,4026],"class_list":{"0":"post-31893","1":"product","2":"type-product","3":"status-publish","4":"has-post-thumbnail","6":"product_cat-kinderboeken-oude-kinderboeken-pop-up-boeken-prentenboeken-vintage-sprookjes","7":"product_cat-mulder-boekjes","8":"product_tag-dorette-poesse","9":"product_tag-zwiebel-en-zwabbel","10":"product_tag-zwiebel-en-zwabbel-in-hun-nieuwe-huis","12":"first","13":"instock","14":"shipping-taxable","15":"purchasable","16":"product-type-simple"},"_links":{"self":[{"href":"https:\/\/www.zomaarvintage.nl\/index.php\/wp-json\/wp\/v2\/product\/31893","targetHints":{"allow":["GET"]}}],"collection":[{"href":"https:\/\/www.zomaarvintage.nl\/index.php\/wp-json\/wp\/v2\/product"}],"about":[{"href":"https:\/\/www.zomaarvintage.nl\/index.php\/wp-json\/wp\/v2\/types\/product"}],"wp:featuredmedia":[{"embeddable":true,"href":"https:\/\/www.zomaarvintage.nl\/index.php\/wp-json\/wp\/v2\/media\/31894"}],"wp:attachment":[{"href":"https:\/\/www.zomaarvintage.nl\/index.php\/wp-json\/wp\/v2\/media?parent=31893"}],"wp:term":[{"taxonomy":"product_brand","embeddable":true,"href":"https:\/\/www.zomaarvintage.nl\/index.php\/wp-json\/wp\/v2\/product_brand?post=31893"},{"taxonomy":"product_cat","embeddable":true,"href":"https:\/\/www.zomaarvintage.nl\/index.php\/wp-json\/wp\/v2\/product_cat?post=31893"},{"taxonomy":"product_tag","embeddable":true,"href":"https:\/\/www.zomaarvintage.nl\/index.php\/wp-json\/wp\/v2\/product_tag?post=31893"}],"curies":[{"name":"wp","href":"https:\/\/api.w.org\/{rel}","templated":true}]}}