{"id":36364,"date":"2025-01-10T20:33:41","date_gmt":"2025-01-10T19:33:41","guid":{"rendered":"https:\/\/www.zomaarvintage.nl\/?post_type=product&#038;p=36364"},"modified":"2025-08-04T08:48:50","modified_gmt":"2025-08-04T07:48:50","slug":"de-vloek-van-de-sneeuwheks-catherine-fisher","status":"publish","type":"product","link":"https:\/\/www.zomaarvintage.nl\/index.php\/product\/de-vloek-van-de-sneeuwheks-catherine-fisher\/","title":{"rendered":"De vloek van de Sneeuwheks  &#8211;  Catherine Fisher"},"content":{"rendered":"<p>Kari en zijn vrienden trekken naar het eind van de wereld om de ziel van de vrouw van hun jarl te redden uit handen van de heerseres van de snow-walkers. Vanaf ca. 11 jaar.<\/p>\n<p>door Catherine Fisher<\/p>\n<p>ge\u00efllustreerd door Hans Parleviet<\/p>\n<p>uitg. Kluitman<\/p>\n<p>1999<\/p>\n<p>hardcover<\/p>\n<p>\u00e9\u00e9n kras op de achterkaft ( is niet te zien, alleen voelbaar)<\/p>\n<p>verder nieuwstaat<\/p>\n<p>art. nr. B1598<\/p>\n<a class=\"synved-social-button synved-social-button-share synved-social-size-24 synved-social-resolution-single synved-social-provider-facebook nolightbox\" data-provider=\"facebook\" target=\"_blank\" rel=\"nofollow\" title=\"Share on Facebook\" href=\"http:\/\/www.facebook.com\/sharer.php?u=https%3A%2F%2Fwww.zomaarvintage.nl%2Findex.php%2Fwp-json%2Fwp%2Fv2%2Fproduct%2F36364&#038;t=De%20vloek%20van%20de%20Sneeuwheks%20%20%E2%80%93%20%20Catherine%20Fisher&#038;s=100&#038;p&#091;url&#093;=https%3A%2F%2Fwww.zomaarvintage.nl%2Findex.php%2Fwp-json%2Fwp%2Fv2%2Fproduct%2F36364&#038;p&#091;images&#093;&#091;0&#093;=https%3A%2F%2Fwww.zomaarvintage.nl%2Fwp-content%2Fuploads%2F2025%2F01%2FDe-vloek-van-de-sneeuwheks-1.jpg&#038;p&#091;title&#093;=De%20vloek%20van%20de%20Sneeuwheks%20%20%E2%80%93%20%20Catherine%20Fisher\" style=\"font-size: 0px;width:24px;height:24px;margin:0;margin-bottom:5px;margin-right:5px\"><img loading=\"lazy\" decoding=\"async\" alt=\"Facebook\" title=\"Share on Facebook\" class=\"synved-share-image synved-social-image synved-social-image-share\" width=\"24\" height=\"24\" style=\"display: inline;width:24px;height:24px;margin: 0;padding: 0;border: none;box-shadow: none\" src=\"https:\/\/www.zomaarvintage.nl\/wp-content\/plugins\/social-media-feather\/synved-social\/image\/social\/regular\/48x48\/facebook.png\" \/><\/a><a class=\"synved-social-button synved-social-button-share synved-social-size-24 synved-social-resolution-single synved-social-provider-twitter nolightbox\" data-provider=\"twitter\" target=\"_blank\" rel=\"nofollow\" title=\"Share on Twitter\" href=\"http:\/\/twitter.com\/share?url=https%3A%2F%2Fwww.zomaarvintage.nl%2Findex.php%2Fwp-json%2Fwp%2Fv2%2Fproduct%2F36364&#038;text=Hey%20check%20this%20out\" style=\"font-size: 0px;width:24px;height:24px;margin:0;margin-bottom:5px;margin-right:5px\"><img loading=\"lazy\" decoding=\"async\" alt=\"twitter\" title=\"Share on Twitter\" class=\"synved-share-image synved-social-image synved-social-image-share\" width=\"24\" height=\"24\" style=\"display: inline;width:24px;height:24px;margin: 0;padding: 0;border: none;box-shadow: none\" src=\"https:\/\/www.zomaarvintage.nl\/wp-content\/plugins\/social-media-feather\/synved-social\/image\/social\/regular\/48x48\/twitter.png\" \/><\/a><a class=\"synved-social-button synved-social-button-share synved-social-size-24 synved-social-resolution-single synved-social-provider-reddit nolightbox\" data-provider=\"reddit\" target=\"_blank\" rel=\"nofollow\" title=\"Share on Reddit\" href=\"https:\/\/www.reddit.com\/submit?url=https%3A%2F%2Fwww.zomaarvintage.nl%2Findex.php%2Fwp-json%2Fwp%2Fv2%2Fproduct%2F36364&#038;title=De%20vloek%20van%20de%20Sneeuwheks%20%20%E2%80%93%20%20Catherine%20Fisher\" style=\"font-size: 0px;width:24px;height:24px;margin:0;margin-bottom:5px;margin-right:5px\"><img loading=\"lazy\" decoding=\"async\" alt=\"reddit\" title=\"Share on Reddit\" class=\"synved-share-image synved-social-image synved-social-image-share\" width=\"24\" height=\"24\" style=\"display: inline;width:24px;height:24px;margin: 0;padding: 0;border: none;box-shadow: none\" src=\"https:\/\/www.zomaarvintage.nl\/wp-content\/plugins\/social-media-feather\/synved-social\/image\/social\/regular\/48x48\/reddit.png\" \/><\/a><a class=\"synved-social-button synved-social-button-share synved-social-size-24 synved-social-resolution-single synved-social-provider-pinterest nolightbox\" data-provider=\"pinterest\" target=\"_blank\" rel=\"nofollow\" title=\"Pin it with Pinterest\" href=\"http:\/\/pinterest.com\/pin\/create\/button\/?url=https%3A%2F%2Fwww.zomaarvintage.nl%2Findex.php%2Fwp-json%2Fwp%2Fv2%2Fproduct%2F36364&#038;media=https%3A%2F%2Fwww.zomaarvintage.nl%2Fwp-content%2Fuploads%2F2025%2F01%2FDe-vloek-van-de-sneeuwheks-1.jpg&#038;description=De%20vloek%20van%20de%20Sneeuwheks%20%20%E2%80%93%20%20Catherine%20Fisher\" style=\"font-size: 0px;width:24px;height:24px;margin:0;margin-bottom:5px;margin-right:5px\"><img loading=\"lazy\" decoding=\"async\" alt=\"pinterest\" title=\"Pin it with Pinterest\" class=\"synved-share-image synved-social-image synved-social-image-share\" width=\"24\" height=\"24\" style=\"display: inline;width:24px;height:24px;margin: 0;padding: 0;border: none;box-shadow: none\" src=\"https:\/\/www.zomaarvintage.nl\/wp-content\/plugins\/social-media-feather\/synved-social\/image\/social\/regular\/48x48\/pinterest.png\" \/><\/a><a class=\"synved-social-button synved-social-button-share synved-social-size-24 synved-social-resolution-single synved-social-provider-linkedin nolightbox\" data-provider=\"linkedin\" target=\"_blank\" rel=\"nofollow\" title=\"Share on Linkedin\" href=\"https:\/\/www.linkedin.com\/shareArticle?mini=true&#038;url=https%3A%2F%2Fwww.zomaarvintage.nl%2Findex.php%2Fwp-json%2Fwp%2Fv2%2Fproduct%2F36364&#038;title=De%20vloek%20van%20de%20Sneeuwheks%20%20%E2%80%93%20%20Catherine%20Fisher\" style=\"font-size: 0px;width:24px;height:24px;margin:0;margin-bottom:5px;margin-right:5px\"><img loading=\"lazy\" decoding=\"async\" alt=\"linkedin\" title=\"Share on Linkedin\" class=\"synved-share-image synved-social-image synved-social-image-share\" width=\"24\" height=\"24\" style=\"display: inline;width:24px;height:24px;margin: 0;padding: 0;border: none;box-shadow: none\" src=\"https:\/\/www.zomaarvintage.nl\/wp-content\/plugins\/social-media-feather\/synved-social\/image\/social\/regular\/48x48\/linkedin.png\" \/><\/a><a class=\"synved-social-button synved-social-button-share synved-social-size-24 synved-social-resolution-single synved-social-provider-mail nolightbox\" data-provider=\"mail\" rel=\"nofollow\" title=\"Share by email\" href=\"mailto:?subject=De%20vloek%20van%20de%20Sneeuwheks%20%20%E2%80%93%20%20Catherine%20Fisher&#038;body=Hey%20check%20this%20out:%20https%3A%2F%2Fwww.zomaarvintage.nl%2Findex.php%2Fwp-json%2Fwp%2Fv2%2Fproduct%2F36364\" style=\"font-size: 0px;width:24px;height:24px;margin:0;margin-bottom:5px\"><img loading=\"lazy\" decoding=\"async\" alt=\"mail\" title=\"Share by email\" class=\"synved-share-image synved-social-image synved-social-image-share\" width=\"24\" height=\"24\" style=\"display: inline;width:24px;height:24px;margin: 0;padding: 0;border: none;box-shadow: none\" src=\"https:\/\/www.zomaarvintage.nl\/wp-content\/plugins\/social-media-feather\/synved-social\/image\/social\/regular\/48x48\/mail.png\" \/><\/a>","protected":false},"excerpt":{"rendered":"<p>Kari en zijn vrienden trekken naar het eind van de wereld om de ziel van de vrouw van hun jarl te redden uit handen van de heerseres van de snow-walkers. Vanaf ca. 11 jaar. door Catherine Fisher ge\u00efllustreerd door Hans Parleviet uitg. Kluitman 1999 hardcover \u00e9\u00e9n kras op de achterkaft ( is niet te zien, [&hellip;]<\/p>\n","protected":false},"featured_media":36365,"template":"","meta":[],"product_brand":[],"product_cat":[1206],"product_tag":[4731,4730],"class_list":{"0":"post-36364","1":"product","2":"type-product","3":"status-publish","4":"has-post-thumbnail","6":"product_cat-kinderboeken-na-1990","7":"product_tag-catherine-fisher","8":"product_tag-de-vloek-van-de-sneeuwheks","10":"first","11":"instock","12":"shipping-taxable","13":"purchasable","14":"product-type-simple"},"_links":{"self":[{"href":"https:\/\/www.zomaarvintage.nl\/index.php\/wp-json\/wp\/v2\/product\/36364","targetHints":{"allow":["GET"]}}],"collection":[{"href":"https:\/\/www.zomaarvintage.nl\/index.php\/wp-json\/wp\/v2\/product"}],"about":[{"href":"https:\/\/www.zomaarvintage.nl\/index.php\/wp-json\/wp\/v2\/types\/product"}],"wp:featuredmedia":[{"embeddable":true,"href":"https:\/\/www.zomaarvintage.nl\/index.php\/wp-json\/wp\/v2\/media\/36365"}],"wp:attachment":[{"href":"https:\/\/www.zomaarvintage.nl\/index.php\/wp-json\/wp\/v2\/media?parent=36364"}],"wp:term":[{"taxonomy":"product_brand","embeddable":true,"href":"https:\/\/www.zomaarvintage.nl\/index.php\/wp-json\/wp\/v2\/product_brand?post=36364"},{"taxonomy":"product_cat","embeddable":true,"href":"https:\/\/www.zomaarvintage.nl\/index.php\/wp-json\/wp\/v2\/product_cat?post=36364"},{"taxonomy":"product_tag","embeddable":true,"href":"https:\/\/www.zomaarvintage.nl\/index.php\/wp-json\/wp\/v2\/product_tag?post=36364"}],"curies":[{"name":"wp","href":"https:\/\/api.w.org\/{rel}","templated":true}]}}