{"id":5401,"date":"2018-04-27T18:33:19","date_gmt":"2018-04-27T17:33:19","guid":{"rendered":"http:\/\/www.zomaarvintage.nl\/?post_type=product&#038;p=5401"},"modified":"2026-02-03T20:49:32","modified_gmt":"2026-02-03T19:49:32","slug":"peter-en-zijn-kinderboerderij-willy-schermele","status":"publish","type":"product","link":"https:\/\/www.zomaarvintage.nl\/index.php\/product\/peter-en-zijn-kinderboerderij-willy-schermele\/","title":{"rendered":"Peter en zijn kinderboerderij &#8211; Willy Schermel\u00e9"},"content":{"rendered":"<p>verteld en ge\u00efllustreerd door Willy Schermel\u00e9<\/p>\n<p>Mulder\u00a0 boekje No. 1123 D<\/p>\n<p>harde kaft<\/p>\n<p>44 bladzijden<\/p>\n<p>1965<\/p>\n<p>afmetingen:\u00a0 13,5 x 20 cm<\/p>\n<p>kaft heeft \u00a0lichte gebruikssporen<\/p>\n<p>aanhechting eerste bladzijde is los<\/p>\n<p>inhoud gaaf<\/p>\n<p>&nbsp;<\/p>\n<p>art.nr. B219<\/p>\n<p><strong>\u00a0<\/strong><\/p>\n<p><strong>\u00a0<\/strong><\/p>\n<p>&nbsp;<\/p>\n<p>&nbsp;<\/p>\n<a class=\"synved-social-button synved-social-button-share synved-social-size-24 synved-social-resolution-single synved-social-provider-facebook nolightbox\" data-provider=\"facebook\" target=\"_blank\" rel=\"nofollow\" title=\"Share on Facebook\" href=\"http:\/\/www.facebook.com\/sharer.php?u=https%3A%2F%2Fwww.zomaarvintage.nl%2Findex.php%2Fwp-json%2Fwp%2Fv2%2Fproduct%2F5401&#038;t=Peter%20en%20zijn%20kinderboerderij%20%E2%80%93%20Willy%20Schermel%C3%A9&#038;s=100&#038;p&#091;url&#093;=https%3A%2F%2Fwww.zomaarvintage.nl%2Findex.php%2Fwp-json%2Fwp%2Fv2%2Fproduct%2F5401&#038;p&#091;images&#093;&#091;0&#093;=https%3A%2F%2Fwww.zomaarvintage.nl%2Fwp-content%2Fuploads%2F2018%2F04%2FPeter-en-zijn-kinderboerderij-1.jpg&#038;p&#091;title&#093;=Peter%20en%20zijn%20kinderboerderij%20%E2%80%93%20Willy%20Schermel%C3%A9\" style=\"font-size: 0px;width:24px;height:24px;margin:0;margin-bottom:5px;margin-right:5px\"><img loading=\"lazy\" decoding=\"async\" alt=\"Facebook\" title=\"Share on Facebook\" class=\"synved-share-image synved-social-image synved-social-image-share\" width=\"24\" height=\"24\" style=\"display: inline;width:24px;height:24px;margin: 0;padding: 0;border: none;box-shadow: none\" src=\"https:\/\/www.zomaarvintage.nl\/wp-content\/plugins\/social-media-feather\/synved-social\/image\/social\/regular\/48x48\/facebook.png\" \/><\/a><a class=\"synved-social-button synved-social-button-share synved-social-size-24 synved-social-resolution-single synved-social-provider-twitter nolightbox\" data-provider=\"twitter\" target=\"_blank\" rel=\"nofollow\" title=\"Share on Twitter\" href=\"http:\/\/twitter.com\/share?url=https%3A%2F%2Fwww.zomaarvintage.nl%2Findex.php%2Fwp-json%2Fwp%2Fv2%2Fproduct%2F5401&#038;text=Hey%20check%20this%20out\" style=\"font-size: 0px;width:24px;height:24px;margin:0;margin-bottom:5px;margin-right:5px\"><img loading=\"lazy\" decoding=\"async\" alt=\"twitter\" title=\"Share on Twitter\" class=\"synved-share-image synved-social-image synved-social-image-share\" width=\"24\" height=\"24\" style=\"display: inline;width:24px;height:24px;margin: 0;padding: 0;border: none;box-shadow: none\" src=\"https:\/\/www.zomaarvintage.nl\/wp-content\/plugins\/social-media-feather\/synved-social\/image\/social\/regular\/48x48\/twitter.png\" \/><\/a><a class=\"synved-social-button synved-social-button-share synved-social-size-24 synved-social-resolution-single synved-social-provider-reddit nolightbox\" data-provider=\"reddit\" target=\"_blank\" rel=\"nofollow\" title=\"Share on Reddit\" href=\"https:\/\/www.reddit.com\/submit?url=https%3A%2F%2Fwww.zomaarvintage.nl%2Findex.php%2Fwp-json%2Fwp%2Fv2%2Fproduct%2F5401&#038;title=Peter%20en%20zijn%20kinderboerderij%20%E2%80%93%20Willy%20Schermel%C3%A9\" style=\"font-size: 0px;width:24px;height:24px;margin:0;margin-bottom:5px;margin-right:5px\"><img loading=\"lazy\" decoding=\"async\" alt=\"reddit\" title=\"Share on Reddit\" class=\"synved-share-image synved-social-image synved-social-image-share\" width=\"24\" height=\"24\" style=\"display: inline;width:24px;height:24px;margin: 0;padding: 0;border: none;box-shadow: none\" src=\"https:\/\/www.zomaarvintage.nl\/wp-content\/plugins\/social-media-feather\/synved-social\/image\/social\/regular\/48x48\/reddit.png\" \/><\/a><a class=\"synved-social-button synved-social-button-share synved-social-size-24 synved-social-resolution-single synved-social-provider-pinterest nolightbox\" data-provider=\"pinterest\" target=\"_blank\" rel=\"nofollow\" title=\"Pin it with Pinterest\" href=\"http:\/\/pinterest.com\/pin\/create\/button\/?url=https%3A%2F%2Fwww.zomaarvintage.nl%2Findex.php%2Fwp-json%2Fwp%2Fv2%2Fproduct%2F5401&#038;media=https%3A%2F%2Fwww.zomaarvintage.nl%2Fwp-content%2Fuploads%2F2018%2F04%2FPeter-en-zijn-kinderboerderij-1.jpg&#038;description=Peter%20en%20zijn%20kinderboerderij%20%E2%80%93%20Willy%20Schermel%C3%A9\" style=\"font-size: 0px;width:24px;height:24px;margin:0;margin-bottom:5px;margin-right:5px\"><img loading=\"lazy\" decoding=\"async\" alt=\"pinterest\" title=\"Pin it with Pinterest\" class=\"synved-share-image synved-social-image synved-social-image-share\" width=\"24\" height=\"24\" style=\"display: inline;width:24px;height:24px;margin: 0;padding: 0;border: none;box-shadow: none\" src=\"https:\/\/www.zomaarvintage.nl\/wp-content\/plugins\/social-media-feather\/synved-social\/image\/social\/regular\/48x48\/pinterest.png\" \/><\/a><a class=\"synved-social-button synved-social-button-share synved-social-size-24 synved-social-resolution-single synved-social-provider-linkedin nolightbox\" data-provider=\"linkedin\" target=\"_blank\" rel=\"nofollow\" title=\"Share on Linkedin\" href=\"https:\/\/www.linkedin.com\/shareArticle?mini=true&#038;url=https%3A%2F%2Fwww.zomaarvintage.nl%2Findex.php%2Fwp-json%2Fwp%2Fv2%2Fproduct%2F5401&#038;title=Peter%20en%20zijn%20kinderboerderij%20%E2%80%93%20Willy%20Schermel%C3%A9\" style=\"font-size: 0px;width:24px;height:24px;margin:0;margin-bottom:5px;margin-right:5px\"><img loading=\"lazy\" decoding=\"async\" alt=\"linkedin\" title=\"Share on Linkedin\" class=\"synved-share-image synved-social-image synved-social-image-share\" width=\"24\" height=\"24\" style=\"display: inline;width:24px;height:24px;margin: 0;padding: 0;border: none;box-shadow: none\" src=\"https:\/\/www.zomaarvintage.nl\/wp-content\/plugins\/social-media-feather\/synved-social\/image\/social\/regular\/48x48\/linkedin.png\" \/><\/a><a class=\"synved-social-button synved-social-button-share synved-social-size-24 synved-social-resolution-single synved-social-provider-mail nolightbox\" data-provider=\"mail\" rel=\"nofollow\" title=\"Share by email\" href=\"mailto:?subject=Peter%20en%20zijn%20kinderboerderij%20%E2%80%93%20Willy%20Schermel%C3%A9&#038;body=Hey%20check%20this%20out:%20https%3A%2F%2Fwww.zomaarvintage.nl%2Findex.php%2Fwp-json%2Fwp%2Fv2%2Fproduct%2F5401\" style=\"font-size: 0px;width:24px;height:24px;margin:0;margin-bottom:5px\"><img loading=\"lazy\" decoding=\"async\" alt=\"mail\" title=\"Share by email\" class=\"synved-share-image synved-social-image synved-social-image-share\" width=\"24\" height=\"24\" style=\"display: inline;width:24px;height:24px;margin: 0;padding: 0;border: none;box-shadow: none\" src=\"https:\/\/www.zomaarvintage.nl\/wp-content\/plugins\/social-media-feather\/synved-social\/image\/social\/regular\/48x48\/mail.png\" \/><\/a>","protected":false},"excerpt":{"rendered":"<p>verteld en ge\u00efllustreerd door Willy Schermel\u00e9 Mulder\u00a0 boekje No. 1123 D harde kaft 44 bladzijden 1965 afmetingen:\u00a0 13,5 x 20 cm kaft heeft \u00a0lichte gebruikssporen aanhechting eerste bladzijde is los inhoud gaaf &nbsp; art.nr. B219 \u00a0 \u00a0 &nbsp; &nbsp;<\/p>\n","protected":false},"featured_media":5402,"template":"","meta":[],"product_brand":[],"product_cat":[24,5226],"product_tag":[834,182],"class_list":{"0":"post-5401","1":"product","2":"type-product","3":"status-publish","4":"has-post-thumbnail","6":"product_cat-kinderboeken-oude-kinderboeken-pop-up-boeken-prentenboeken-vintage-sprookjes","7":"product_cat-mulder-boekjes","8":"product_tag-peter","9":"product_tag-willy-schermele","11":"first","12":"instock","13":"shipping-taxable","14":"purchasable","15":"product-type-simple"},"_links":{"self":[{"href":"https:\/\/www.zomaarvintage.nl\/index.php\/wp-json\/wp\/v2\/product\/5401","targetHints":{"allow":["GET"]}}],"collection":[{"href":"https:\/\/www.zomaarvintage.nl\/index.php\/wp-json\/wp\/v2\/product"}],"about":[{"href":"https:\/\/www.zomaarvintage.nl\/index.php\/wp-json\/wp\/v2\/types\/product"}],"wp:featuredmedia":[{"embeddable":true,"href":"https:\/\/www.zomaarvintage.nl\/index.php\/wp-json\/wp\/v2\/media\/5402"}],"wp:attachment":[{"href":"https:\/\/www.zomaarvintage.nl\/index.php\/wp-json\/wp\/v2\/media?parent=5401"}],"wp:term":[{"taxonomy":"product_brand","embeddable":true,"href":"https:\/\/www.zomaarvintage.nl\/index.php\/wp-json\/wp\/v2\/product_brand?post=5401"},{"taxonomy":"product_cat","embeddable":true,"href":"https:\/\/www.zomaarvintage.nl\/index.php\/wp-json\/wp\/v2\/product_cat?post=5401"},{"taxonomy":"product_tag","embeddable":true,"href":"https:\/\/www.zomaarvintage.nl\/index.php\/wp-json\/wp\/v2\/product_tag?post=5401"}],"curies":[{"name":"wp","href":"https:\/\/api.w.org\/{rel}","templated":true}]}}